{"id":190,"date":"2025-05-16T02:06:51","date_gmt":"2025-05-16T02:06:51","guid":{"rendered":"https:\/\/slabstone.com.vn\/?post_type=product&#038;p=190"},"modified":"2025-05-16T02:07:10","modified_gmt":"2025-05-16T02:07:10","slug":"calatorao-gris","status":"publish","type":"product","link":"https:\/\/slabstone.com.vn\/?product=calatorao-gris","title":{"rendered":"Calatorao Gris"},"content":{"rendered":"<p><span data-sheets-root=\"1\">N\u1eb1m trong BST Marble, Calatorao Gris to\u00e1t l\u00ean v\u1ebb \u0111\u1eb9p thanh l\u1ecbch v\u00e0 sang tr\u1ecdng. M\u00e0u s\u1eafc ch\u1ee7 \u0111\u1ea1o c\u1ee7a n\u00f3 l\u00e0 \u0111en, t\u1ea1o n\u00ean kh\u00f4ng gian trang tr\u00ed v\u1edbi v\u1ebb m\u1ea1nh m\u1ebd v\u00e0 \u1ea5n t\u01b0\u1ee3ng. B\u1ec1 m\u1eb7t c\u1ee7a g\u1ea1ch Calatorao Gris c\u00f3 k\u1ebft c\u1ea5u m\u1ecbn v\u00e0 \u0111\u1ed3ng \u0111\u1ec1u, t\u1ea1o c\u1ea3m gi\u00e1c sang tr\u1ecdng v\u00e0 tinh t\u1ebf.<\/span><\/p>\n","protected":false},"excerpt":{"rendered":"<p>N\u1eb1m trong BST Marble, Calatorao Gris to\u00e1t l\u00ean v\u1ebb \u0111\u1eb9p thanh l\u1ecbch v\u00e0 sang tr\u1ecdng. M\u00e0u s\u1eafc ch\u1ee7 \u0111\u1ea1o c\u1ee7a n\u00f3 l\u00e0 \u0111en, t\u1ea1o n\u00ean kh\u00f4ng gian trang tr\u00ed v\u1edbi&hellip;<\/p>\n","protected":false},"featured_media":191,"comment_status":"open","ping_status":"closed","template":"","meta":[],"product_brand":[],"product_cat":[15],"product_tag":[],"class_list":{"0":"post-190","1":"product","2":"type-product","3":"status-publish","4":"has-post-thumbnail","6":"product_cat-san-pham","8":"first","9":"instock","10":"shipping-taxable","11":"product-type-simple"},"_links":{"self":[{"href":"https:\/\/slabstone.com.vn\/index.php?rest_route=\/wp\/v2\/product\/190","targetHints":{"allow":["GET"]}}],"collection":[{"href":"https:\/\/slabstone.com.vn\/index.php?rest_route=\/wp\/v2\/product"}],"about":[{"href":"https:\/\/slabstone.com.vn\/index.php?rest_route=\/wp\/v2\/types\/product"}],"replies":[{"embeddable":true,"href":"https:\/\/slabstone.com.vn\/index.php?rest_route=%2Fwp%2Fv2%2Fcomments&post=190"}],"wp:featuredmedia":[{"embeddable":true,"href":"https:\/\/slabstone.com.vn\/index.php?rest_route=\/wp\/v2\/media\/191"}],"wp:attachment":[{"href":"https:\/\/slabstone.com.vn\/index.php?rest_route=%2Fwp%2Fv2%2Fmedia&parent=190"}],"wp:term":[{"taxonomy":"product_brand","embeddable":true,"href":"https:\/\/slabstone.com.vn\/index.php?rest_route=%2Fwp%2Fv2%2Fproduct_brand&post=190"},{"taxonomy":"product_cat","embeddable":true,"href":"https:\/\/slabstone.com.vn\/index.php?rest_route=%2Fwp%2Fv2%2Fproduct_cat&post=190"},{"taxonomy":"product_tag","embeddable":true,"href":"https:\/\/slabstone.com.vn\/index.php?rest_route=%2Fwp%2Fv2%2Fproduct_tag&post=190"}],"curies":[{"name":"wp","href":"https:\/\/api.w.org\/{rel}","templated":true}]}}