{"id":175,"date":"2025-05-16T01:59:49","date_gmt":"2025-05-16T01:59:49","guid":{"rendered":"https:\/\/slabstone.com.vn\/?post_type=product&#038;p=175"},"modified":"2025-05-16T02:00:00","modified_gmt":"2025-05-16T02:00:00","slug":"crater","status":"publish","type":"product","link":"https:\/\/slabstone.com.vn\/?product=crater","title":{"rendered":"Crater"},"content":{"rendered":"<p><span data-sheets-root=\"1\">Thi\u1ebft k\u1ebf \u1ea5n t\u01b0\u1ee3ng b\u1edfi c\u00e1c tone m\u00e0u m\u1ea1nh m\u1ebd, Crater ph\u00f9 h\u1ee3p v\u1edbi nh\u1eefng b\u1ecb tr\u00ed \u0111i\u1ec3m nh\u1ea5n t\u1ea1o n\u00ean c\u00e1 t\u00ednh \u0111\u1ed9c \u0111\u00e1o cho kh\u00f4ng gian c\u1ee7a b\u1ea1n<\/span><\/p>\n","protected":false},"excerpt":{"rendered":"<p>Thi\u1ebft k\u1ebf \u1ea5n t\u01b0\u1ee3ng b\u1edfi c\u00e1c tone m\u00e0u m\u1ea1nh m\u1ebd, Crater ph\u00f9 h\u1ee3p v\u1edbi nh\u1eefng b\u1ecb tr\u00ed \u0111i\u1ec3m nh\u1ea5n t\u1ea1o n\u00ean c\u00e1 t\u00ednh \u0111\u1ed9c \u0111\u00e1o cho kh\u00f4ng gian c\u1ee7a b\u1ea1n<\/p>\n","protected":false},"featured_media":179,"comment_status":"open","ping_status":"closed","template":"","meta":[],"product_brand":[],"product_cat":[15],"product_tag":[],"class_list":{"0":"post-175","1":"product","2":"type-product","3":"status-publish","4":"has-post-thumbnail","6":"product_cat-san-pham","8":"first","9":"instock","10":"shipping-taxable","11":"purchasable","12":"product-type-simple"},"_links":{"self":[{"href":"https:\/\/slabstone.com.vn\/index.php?rest_route=\/wp\/v2\/product\/175","targetHints":{"allow":["GET"]}}],"collection":[{"href":"https:\/\/slabstone.com.vn\/index.php?rest_route=\/wp\/v2\/product"}],"about":[{"href":"https:\/\/slabstone.com.vn\/index.php?rest_route=\/wp\/v2\/types\/product"}],"replies":[{"embeddable":true,"href":"https:\/\/slabstone.com.vn\/index.php?rest_route=%2Fwp%2Fv2%2Fcomments&post=175"}],"wp:featuredmedia":[{"embeddable":true,"href":"https:\/\/slabstone.com.vn\/index.php?rest_route=\/wp\/v2\/media\/179"}],"wp:attachment":[{"href":"https:\/\/slabstone.com.vn\/index.php?rest_route=%2Fwp%2Fv2%2Fmedia&parent=175"}],"wp:term":[{"taxonomy":"product_brand","embeddable":true,"href":"https:\/\/slabstone.com.vn\/index.php?rest_route=%2Fwp%2Fv2%2Fproduct_brand&post=175"},{"taxonomy":"product_cat","embeddable":true,"href":"https:\/\/slabstone.com.vn\/index.php?rest_route=%2Fwp%2Fv2%2Fproduct_cat&post=175"},{"taxonomy":"product_tag","embeddable":true,"href":"https:\/\/slabstone.com.vn\/index.php?rest_route=%2Fwp%2Fv2%2Fproduct_tag&post=175"}],"curies":[{"name":"wp","href":"https:\/\/api.w.org\/{rel}","templated":true}]}}