{"id":164,"date":"2025-05-15T09:58:17","date_gmt":"2025-05-15T09:58:17","guid":{"rendered":"https:\/\/slabstone.com.vn\/?post_type=product&#038;p=164"},"modified":"2025-05-15T10:04:56","modified_gmt":"2025-05-15T10:04:56","slug":"glenveal","status":"publish","type":"product","link":"https:\/\/slabstone.com.vn\/?product=glenveal","title":{"rendered":"Glenveal"},"content":{"rendered":"<p><span data-sheets-root=\"1\">B\u1ec1 m\u1eb7t Matt t\u1ea1o n\u00ean c\u1ea3m gi\u00e1c ch\u00e2n th\u1ef1c v\u00e0 c\u00f3 \u0111\u1ed9 s\u00e2u v\u1edbi thi\u1ebft k\u1ebf \u0111\u00e1 c\u1ee7a Glenveal. Ph\u00f9 h\u1ee3p v\u1edbi kh\u00f4ng gian hi\u1ec7n \u0111\u1ea1i v\u00e0 t\u1ed1i gi\u1ea3n<\/span><\/p>\n","protected":false},"excerpt":{"rendered":"<p>B\u1ec1 m\u1eb7t Matt t\u1ea1o n\u00ean c\u1ea3m gi\u00e1c ch\u00e2n th\u1ef1c v\u00e0 c\u00f3 \u0111\u1ed9 s\u00e2u v\u1edbi thi\u1ebft k\u1ebf \u0111\u00e1 c\u1ee7a Glenveal. Ph\u00f9 h\u1ee3p v\u1edbi kh\u00f4ng gian hi\u1ec7n \u0111\u1ea1i v\u00e0 t\u1ed1i gi\u1ea3n<\/p>\n","protected":false},"featured_media":168,"comment_status":"open","ping_status":"closed","template":"","meta":[],"product_brand":[],"product_cat":[15],"product_tag":[],"class_list":{"0":"post-164","1":"product","2":"type-product","3":"status-publish","4":"has-post-thumbnail","6":"product_cat-san-pham","8":"first","9":"instock","10":"shipping-taxable","11":"purchasable","12":"product-type-simple"},"_links":{"self":[{"href":"https:\/\/slabstone.com.vn\/index.php?rest_route=\/wp\/v2\/product\/164","targetHints":{"allow":["GET"]}}],"collection":[{"href":"https:\/\/slabstone.com.vn\/index.php?rest_route=\/wp\/v2\/product"}],"about":[{"href":"https:\/\/slabstone.com.vn\/index.php?rest_route=\/wp\/v2\/types\/product"}],"replies":[{"embeddable":true,"href":"https:\/\/slabstone.com.vn\/index.php?rest_route=%2Fwp%2Fv2%2Fcomments&post=164"}],"wp:featuredmedia":[{"embeddable":true,"href":"https:\/\/slabstone.com.vn\/index.php?rest_route=\/wp\/v2\/media\/168"}],"wp:attachment":[{"href":"https:\/\/slabstone.com.vn\/index.php?rest_route=%2Fwp%2Fv2%2Fmedia&parent=164"}],"wp:term":[{"taxonomy":"product_brand","embeddable":true,"href":"https:\/\/slabstone.com.vn\/index.php?rest_route=%2Fwp%2Fv2%2Fproduct_brand&post=164"},{"taxonomy":"product_cat","embeddable":true,"href":"https:\/\/slabstone.com.vn\/index.php?rest_route=%2Fwp%2Fv2%2Fproduct_cat&post=164"},{"taxonomy":"product_tag","embeddable":true,"href":"https:\/\/slabstone.com.vn\/index.php?rest_route=%2Fwp%2Fv2%2Fproduct_tag&post=164"}],"curies":[{"name":"wp","href":"https:\/\/api.w.org\/{rel}","templated":true}]}}