{"id":116,"date":"2025-05-15T08:27:18","date_gmt":"2025-05-15T08:27:18","guid":{"rendered":"https:\/\/slabstone.com.vn\/?post_type=product&#038;p=116"},"modified":"2025-05-15T08:28:17","modified_gmt":"2025-05-15T08:28:17","slug":"honey-onyx","status":"publish","type":"product","link":"https:\/\/slabstone.com.vn\/?product=honey-onyx","title":{"rendered":"Honey Onyx"},"content":{"rendered":"<p><span data-sheets-root=\"1\">C\u00f4ng ngh\u1ec7 xuy\u00ean s\u00e1ng c\u00f9ng kh\u1ed5 l\u1edbn v\u01b0\u1ee3t gi\u1edbi h\u1ea1n gi\u00fap c\u00e1c s\u1ea3n ph\u1ea9m trong BST Luce Tech \u0111\u1ea1t \u0111\u01b0\u1ee3c v\u1ebb \u0111\u1eb9p ch\u00e2n th\u1ef1c c\u1ee7a t\u1ef1 nhi\u00ean.<\/span><\/p>\n<p><span data-sheets-root=\"1\">Nh\u1eefng \u0111\u01b0\u1eddng v\u00e2n tr\u00f2n m\u1ec1m m\u1ea1i c\u1ee7a Honey Onyx \u0111em l\u1ea1i s\u1ef1 th\u01b0 th\u00e1i, nh\u1eb9 nh\u00e0ng nh\u01b0ng v\u1eabn kh\u00f4ng k\u00e9m ph\u1ea7n tinh t\u1ebf, sang tr\u1ecdng cho kh\u00f4ng gian.<\/span><\/p>\n","protected":false},"excerpt":{"rendered":"<p><a href=\"https:\/\/drive.google.com\/uc?id=1tuT2pTEdj7GsRGCitbG4klqCr8DgwD4n\">T\u1ea3i Catalogue<\/a><\/p>\n","protected":false},"featured_media":117,"comment_status":"open","ping_status":"closed","template":"","meta":[],"product_brand":[],"product_cat":[15],"product_tag":[],"class_list":{"0":"post-116","1":"product","2":"type-product","3":"status-publish","4":"has-post-thumbnail","6":"product_cat-san-pham","8":"first","9":"instock","10":"shipping-taxable","11":"product-type-simple"},"_links":{"self":[{"href":"https:\/\/slabstone.com.vn\/index.php?rest_route=\/wp\/v2\/product\/116","targetHints":{"allow":["GET"]}}],"collection":[{"href":"https:\/\/slabstone.com.vn\/index.php?rest_route=\/wp\/v2\/product"}],"about":[{"href":"https:\/\/slabstone.com.vn\/index.php?rest_route=\/wp\/v2\/types\/product"}],"replies":[{"embeddable":true,"href":"https:\/\/slabstone.com.vn\/index.php?rest_route=%2Fwp%2Fv2%2Fcomments&post=116"}],"wp:featuredmedia":[{"embeddable":true,"href":"https:\/\/slabstone.com.vn\/index.php?rest_route=\/wp\/v2\/media\/117"}],"wp:attachment":[{"href":"https:\/\/slabstone.com.vn\/index.php?rest_route=%2Fwp%2Fv2%2Fmedia&parent=116"}],"wp:term":[{"taxonomy":"product_brand","embeddable":true,"href":"https:\/\/slabstone.com.vn\/index.php?rest_route=%2Fwp%2Fv2%2Fproduct_brand&post=116"},{"taxonomy":"product_cat","embeddable":true,"href":"https:\/\/slabstone.com.vn\/index.php?rest_route=%2Fwp%2Fv2%2Fproduct_cat&post=116"},{"taxonomy":"product_tag","embeddable":true,"href":"https:\/\/slabstone.com.vn\/index.php?rest_route=%2Fwp%2Fv2%2Fproduct_tag&post=116"}],"curies":[{"name":"wp","href":"https:\/\/api.w.org\/{rel}","templated":true}]}}