{"id":106,"date":"2025-05-15T08:19:30","date_gmt":"2025-05-15T08:19:30","guid":{"rendered":"https:\/\/slabstone.com.vn\/?post_type=product&#038;p=106"},"modified":"2025-05-15T09:03:40","modified_gmt":"2025-05-15T09:03:40","slug":"venato","status":"publish","type":"product","link":"https:\/\/slabstone.com.vn\/?product=venato","title":{"rendered":"Venato"},"content":{"rendered":"<p><span data-sheets-root=\"1\">C\u00f4ng ngh\u1ec7 xuy\u00ean s\u00e1ng c\u00f9ng kh\u1ed5 l\u1edbn v\u01b0\u1ee3t gi\u1edbi h\u1ea1n gi\u00fap c\u00e1c s\u1ea3n ph\u1ea9m trong BST Luce Tech \u0111\u1ea1t \u0111\u01b0\u1ee3c v\u1ebb \u0111\u1eb9p ch\u00e2n th\u1ef1c c\u1ee7a t\u1ef1 nhi\u00ean.<\/span><\/p>\n","protected":false},"excerpt":{"rendered":"<p><a href=\"https:\/\/drive.google.com\/uc?id=1tuT2pTEdj7GsRGCitbG4klqCr8DgwD4n\">T\u1ea3i Catalogue<\/a><\/p>\n","protected":false},"featured_media":109,"comment_status":"open","ping_status":"closed","template":"","meta":[],"product_brand":[],"product_cat":[15],"product_tag":[],"class_list":{"0":"post-106","1":"product","2":"type-product","3":"status-publish","4":"has-post-thumbnail","6":"product_cat-san-pham","8":"first","9":"instock","10":"shipping-taxable","11":"product-type-simple"},"_links":{"self":[{"href":"https:\/\/slabstone.com.vn\/index.php?rest_route=\/wp\/v2\/product\/106","targetHints":{"allow":["GET"]}}],"collection":[{"href":"https:\/\/slabstone.com.vn\/index.php?rest_route=\/wp\/v2\/product"}],"about":[{"href":"https:\/\/slabstone.com.vn\/index.php?rest_route=\/wp\/v2\/types\/product"}],"replies":[{"embeddable":true,"href":"https:\/\/slabstone.com.vn\/index.php?rest_route=%2Fwp%2Fv2%2Fcomments&post=106"}],"wp:featuredmedia":[{"embeddable":true,"href":"https:\/\/slabstone.com.vn\/index.php?rest_route=\/wp\/v2\/media\/109"}],"wp:attachment":[{"href":"https:\/\/slabstone.com.vn\/index.php?rest_route=%2Fwp%2Fv2%2Fmedia&parent=106"}],"wp:term":[{"taxonomy":"product_brand","embeddable":true,"href":"https:\/\/slabstone.com.vn\/index.php?rest_route=%2Fwp%2Fv2%2Fproduct_brand&post=106"},{"taxonomy":"product_cat","embeddable":true,"href":"https:\/\/slabstone.com.vn\/index.php?rest_route=%2Fwp%2Fv2%2Fproduct_cat&post=106"},{"taxonomy":"product_tag","embeddable":true,"href":"https:\/\/slabstone.com.vn\/index.php?rest_route=%2Fwp%2Fv2%2Fproduct_tag&post=106"}],"curies":[{"name":"wp","href":"https:\/\/api.w.org\/{rel}","templated":true}]}}